{"id":6239,"date":"2024-10-03T11:29:08","date_gmt":"2024-10-03T11:29:08","guid":{"rendered":"https:\/\/feed.dk\/?page_id=6239"},"modified":"2024-10-21T10:51:20","modified_gmt":"2024-10-21T10:51:20","slug":"review","status":"publish","type":"page","link":"https:\/\/feed.dk\/en\/anmeldelse\/","title":{"rendered":"Review"},"content":{"rendered":"<div data-elementor-type=\"wp-page\" data-elementor-id=\"6239\" class=\"elementor elementor-6239\" data-elementor-post-type=\"page\">\n\t\t\t\t<div class=\"elementor-element elementor-element-db6964b e-flex e-con-boxed e-con e-parent\" data-id=\"db6964b\" data-element_type=\"container\" data-e-type=\"container\" data-settings=\"{&quot;background_background&quot;:&quot;classic&quot;}\">\n\t\t\t\t\t<div class=\"e-con-inner\">\n\t\t\t\t<div class=\"elementor-element elementor-element-863416a elementor-widget elementor-widget-heading\" data-id=\"863416a\" data-element_type=\"widget\" data-e-type=\"widget\" data-widget_type=\"heading.default\">\n\t\t\t\t<div class=\"elementor-widget-container\">\n\t\t\t\t\t<h2 class=\"elementor-heading-title elementor-size-default\">THANK YOU SO MUCH FOR VISIT<\/h2>\t\t\t\t<\/div>\n\t\t\t\t<\/div>\n\t\t\t\t<div class=\"elementor-element elementor-element-ecd4d16 elementor-view-default elementor-widget elementor-widget-icon\" data-id=\"ecd4d16\" data-element_type=\"widget\" data-e-type=\"widget\" data-widget_type=\"icon.default\">\n\t\t\t\t<div class=\"elementor-widget-container\">\n\t\t\t\t\t\t\t<div class=\"elementor-icon-wrapper\">\n\t\t\t<div class=\"elementor-icon\">\n\t\t\t<svg xmlns=\"http:\/\/www.w3.org\/2000\/svg\" xmlns:xlink=\"http:\/\/www.w3.org\/1999\/xlink\" id=\"Capa_1\" style=\"enable-background:new 0 0 150 150;\" viewbox=\"0 0 150 150\" xml:space=\"preserve\"><style type=\"text\/css\">\t.st0{fill:#1A73E8;}\t.st1{fill:#EA4335;}\t.st2{fill:#4285F4;}\t.st3{fill:#FBBC04;}\t.st4{fill:#34A853;}\t.st5{fill:#4CAF50;}\t.st6{fill:#1E88E5;}\t.st7{fill:#E53935;}\t.st8{fill:#C62828;}\t.st9{fill:#FBC02D;}\t.st10{fill:#1565C0;}\t.st11{fill:#2E7D32;}\t.st12{fill:#F6B704;}\t.st13{fill:#E54335;}\t.st14{fill:#4280EF;}\t.st15{fill:#34A353;}\t.st16{clip-path:url(#SVGID_2_);}\t.st17{fill:#188038;}\t.st18{opacity:0.2;fill:#FFFFFF;enable-background:new    ;}\t.st19{opacity:0.3;fill:#0D652D;enable-background:new    ;}\t.st20{clip-path:url(#SVGID_4_);}\t.st21{opacity:0.3;fill:url(#_45_shadow_1_);enable-background:new    ;}\t.st22{clip-path:url(#SVGID_6_);}\t.st23{fill:#FA7B17;}\t.st24{opacity:0.3;fill:#174EA6;enable-background:new    ;}\t.st25{opacity:0.3;fill:#A50E0E;enable-background:new    ;}\t.st26{opacity:0.3;fill:#E37400;enable-background:new    ;}\t.st27{fill:url(#Finish_mask_1_);}\t.st28{fill:#FFFFFF;}\t.st29{fill:#0C9D58;}\t.st30{opacity:0.2;fill:#004D40;enable-background:new    ;}\t.st31{opacity:0.2;fill:#3E2723;enable-background:new    ;}\t.st32{fill:#FFC107;}\t.st33{opacity:0.2;fill:#1A237E;enable-background:new    ;}\t.st34{opacity:0.2;}\t.st35{fill:#1A237E;}\t.st36{fill:url(#SVGID_7_);}\t.st37{fill:#FBBC05;}\t.st38{clip-path:url(#SVGID_9_);fill:#E53935;}\t.st39{clip-path:url(#SVGID_11_);fill:#FBC02D;}\t.st40{clip-path:url(#SVGID_13_);fill:#E53935;}\t.st41{clip-path:url(#SVGID_15_);fill:#FBC02D;}<\/style><g><path class=\"st14\" d=\"M120,76.1c0-3.1-0.3-6.3-0.8-9.3H75.9v17.7h24.8c-1,5.7-4.3,10.7-9.2,13.9l14.8,11.5   C115,101.8,120,90,120,76.1L120,76.1z\"><\/path><path class=\"st15\" d=\"M75.9,120.9c12.4,0,22.8-4.1,30.4-11.1L91.5,98.4c-4.1,2.8-9.4,4.4-15.6,4.4c-12,0-22.1-8.1-25.8-18.9   L34.9,95.6C42.7,111.1,58.5,120.9,75.9,120.9z\"><\/path><path class=\"st12\" d=\"M50.1,83.8c-1.9-5.7-1.9-11.9,0-17.6L34.9,54.4c-6.5,13-6.5,28.3,0,41.2L50.1,83.8z\"><\/path><path class=\"st13\" d=\"M75.9,47.3c6.5-0.1,12.9,2.4,17.6,6.9L106.6,41C98.3,33.2,87.3,29,75.9,29.1c-17.4,0-33.2,9.8-41,25.3   l15.2,11.8C53.8,55.3,63.9,47.3,75.9,47.3z\"><\/path><\/g><\/svg>\t\t\t<\/div>\n\t\t<\/div>\n\t\t\t\t\t\t<\/div>\n\t\t\t\t<\/div>\n\t\t\t\t<div class=\"elementor-element elementor-element-4f11c64 elementor-widget elementor-widget-text-editor\" data-id=\"4f11c64\" data-element_type=\"widget\" data-e-type=\"widget\" data-widget_type=\"text-editor.default\">\n\t\t\t\t<div class=\"elementor-widget-container\">\n\t\t\t\t\t\t\t\t\t<p class=\"p1\">We would appreciate it if you would report us<\/p>\t\t\t\t\t\t\t\t<\/div>\n\t\t\t\t<\/div>\n\t\t\t\t<div class=\"elementor-element elementor-element-04aaf14 elementor-mobile-align-center elementor-widget elementor-widget-button\" data-id=\"04aaf14\" data-element_type=\"widget\" data-e-type=\"widget\" data-widget_type=\"button.default\">\n\t\t\t\t<div class=\"elementor-widget-container\">\n\t\t\t\t\t\t\t\t\t<div class=\"elementor-button-wrapper\">\n\t\t\t\t\t<a class=\"elementor-button elementor-button-link elementor-size-sm\" href=\"https:\/\/search.google.com\/local\/writereview?placeid=ChIJ56U6TQdTUkYRKv_NozF8TIg&#038;source=g.page.m.dd._&#038;laa=lu-desktop-reviews-dialog-review-solicitation\" target=\"_blank\" rel=\"noopener\">\n\t\t\t\t\t\t<span class=\"elementor-button-content-wrapper\">\n\t\t\t\t\t\t\t\t\t<span class=\"elementor-button-text\">Google<\/span>\n\t\t\t\t\t<\/span>\n\t\t\t\t\t<\/a>\n\t\t\t\t<\/div>\n\t\t\t\t\t\t\t\t<\/div>\n\t\t\t\t<\/div>\n\t\t\t\t\t<\/div>\n\t\t\t\t<\/div>\n\t\t<div class=\"elementor-element elementor-element-0c6a7d4 e-flex e-con-boxed e-con e-parent\" data-id=\"0c6a7d4\" data-element_type=\"container\" data-e-type=\"container\" data-settings=\"{&quot;background_background&quot;:&quot;classic&quot;}\">\n\t\t\t\t\t<div class=\"e-con-inner\">\n\t\t\t\t<div class=\"elementor-element elementor-element-a819681 elementor-view-default elementor-widget elementor-widget-icon\" data-id=\"a819681\" data-element_type=\"widget\" data-e-type=\"widget\" data-widget_type=\"icon.default\">\n\t\t\t\t<div class=\"elementor-widget-container\">\n\t\t\t\t\t\t\t<div class=\"elementor-icon-wrapper\">\n\t\t\t<div class=\"elementor-icon\">\n\t\t\t<svg xmlns=\"http:\/\/www.w3.org\/2000\/svg\" viewbox=\"0 0 1333.31 1333.31\" fill-rule=\"evenodd\" clip-rule=\"evenodd\"><g fill-rule=\"nonzero\"><circle cx=\"666.66\" cy=\"666.66\" r=\"666.66\" fill=\"#34e0a1\"><\/circle><path d=\"M1078.42 536.6l80.45-87.52h-178.4c-89.31-61.01-197.17-96.54-313.81-96.54-116.5 0-224.06 35.61-313.22 96.54H174.6l80.44 87.52c-49.31 44.99-80.22 109.8-80.22 181.75 0 135.79 110.09 245.88 245.88 245.88 64.51 0 123.27-24.88 167.14-65.55l78.81 85.81 78.81-85.73c43.87 40.67 102.57 65.47 167.07 65.47 135.79 0 246.03-110.09 246.03-245.88.07-72.03-30.84-136.83-80.15-181.75zM420.77 884.75c-91.92 0-166.4-74.48-166.4-166.4s74.49-166.4 166.4-166.4c91.92 0 166.4 74.49 166.4 166.4 0 91.91-74.49 166.4-166.4 166.4zm245.96-171.24c0-109.5-79.63-203.5-184.73-243.65 56.84-23.76 119.18-36.94 184.66-36.94 65.47 0 127.89 13.18 184.73 36.94-105.02 40.23-184.65 134.15-184.65 243.65zm245.88 171.24c-91.92 0-166.4-74.48-166.4-166.4s74.49-166.4 166.4-166.4c91.92 0 166.4 74.49 166.4 166.4 0 91.91-74.49 166.4-166.4 166.4zm0-253.7c-48.2 0-87.23 39.03-87.23 87.23 0 48.19 39.03 87.22 87.23 87.22 48.19 0 87.22-39.03 87.22-87.22 0-48.12-39.03-87.23-87.22-87.23zM508 718.35c0 48.19-39.03 87.22-87.23 87.22-48.19 0-87.22-39.03-87.22-87.22 0-48.2 39.03-87.23 87.22-87.23 48.19-.07 87.23 39.03 87.23 87.23z\"><\/path><\/g><\/svg>\t\t\t<\/div>\n\t\t<\/div>\n\t\t\t\t\t\t<\/div>\n\t\t\t\t<\/div>\n\t\t\t\t<div class=\"elementor-element elementor-element-55dbe5e elementor-widget elementor-widget-text-editor\" data-id=\"55dbe5e\" data-element_type=\"widget\" data-e-type=\"widget\" data-widget_type=\"text-editor.default\">\n\t\t\t\t<div class=\"elementor-widget-container\">\n\t\t\t\t\t\t\t\t\t<p class=\"p1\">We would appreciate it if you would report us<\/p>\t\t\t\t\t\t\t\t<\/div>\n\t\t\t\t<\/div>\n\t\t\t\t<div class=\"elementor-element elementor-element-d3fa905 elementor-mobile-align-center elementor-widget elementor-widget-button\" data-id=\"d3fa905\" data-element_type=\"widget\" data-e-type=\"widget\" data-widget_type=\"button.default\">\n\t\t\t\t<div class=\"elementor-widget-container\">\n\t\t\t\t\t\t\t\t\t<div class=\"elementor-button-wrapper\">\n\t\t\t\t\t<a class=\"elementor-button elementor-button-link elementor-size-sm\" href=\"https:\/\/www.tripadvisor.com\/UserReviewEdit-g189541-d8374897-Feed_Bistro-Copenhagen_Zealand.html\" target=\"_blank\" rel=\"noopener\">\n\t\t\t\t\t\t<span class=\"elementor-button-content-wrapper\">\n\t\t\t\t\t\t\t\t\t<span class=\"elementor-button-text\">Trip Advisor<\/span>\n\t\t\t\t\t<\/span>\n\t\t\t\t\t<\/a>\n\t\t\t\t<\/div>\n\t\t\t\t\t\t\t\t<\/div>\n\t\t\t\t<\/div>\n\t\t\t\t\t<\/div>\n\t\t\t\t<\/div>\n\t\t\t\t<\/div>","protected":false},"excerpt":{"rendered":"<p>TUSIND TAK FOR BES\u00d8GET Vi vil s\u00e6tte pris p\u00e5, hvis I vil anmelde os p\u00e5 Google Vi vil s\u00e6tte pris p\u00e5, hvis I vil anmelde os p\u00e5 Trip Advisor<\/p>","protected":false},"author":7,"featured_media":0,"parent":0,"menu_order":0,"comment_status":"closed","ping_status":"closed","template":"","meta":{"_acf_changed":false,"footnotes":""},"class_list":["post-6239","page","type-page","status-publish","hentry"],"acf":[],"_links":{"self":[{"href":"https:\/\/feed.dk\/en\/wp-json\/wp\/v2\/pages\/6239","targetHints":{"allow":["GET"]}}],"collection":[{"href":"https:\/\/feed.dk\/en\/wp-json\/wp\/v2\/pages"}],"about":[{"href":"https:\/\/feed.dk\/en\/wp-json\/wp\/v2\/types\/page"}],"author":[{"embeddable":true,"href":"https:\/\/feed.dk\/en\/wp-json\/wp\/v2\/users\/7"}],"replies":[{"embeddable":true,"href":"https:\/\/feed.dk\/en\/wp-json\/wp\/v2\/comments?post=6239"}],"version-history":[{"count":7,"href":"https:\/\/feed.dk\/en\/wp-json\/wp\/v2\/pages\/6239\/revisions"}],"predecessor-version":[{"id":6297,"href":"https:\/\/feed.dk\/en\/wp-json\/wp\/v2\/pages\/6239\/revisions\/6297"}],"wp:attachment":[{"href":"https:\/\/feed.dk\/en\/wp-json\/wp\/v2\/media?parent=6239"}],"curies":[{"name":"wp","href":"https:\/\/api.w.org\/{rel}","templated":true}]}}